{"id":3717,"date":"2023-05-23T06:41:53","date_gmt":"2023-05-23T06:41:53","guid":{"rendered":"https:\/\/bitcointrader.ai\/odmitnuti-odpovednosti\/"},"modified":"2025-01-05T14:35:33","modified_gmt":"2025-01-05T14:35:33","slug":"disclaimer","status":"publish","type":"page","link":"https:\/\/bitcointrader.ai\/cs\/disclaimer\/","title":{"rendered":"Z\u0159eknut\u00ed se odpov\u011bdnosti"},"content":{"rendered":"<?xml encoding=\"UTF-8\"><div class=\"gb-container gb-container-f493ca47\">\n<div class=\"gb-container gb-container-74097ace\">\n\n<h1 class=\"gb-headline gb-headline-d325e19c gb-headline-text\">Z&#345;eknut&iacute; se odpov&#283;dnosti<\/h1>\n\n<\/div>\n<\/div><div class=\"gb-container gb-container-82ad59e1\">\n<div class=\"gb-container gb-container-1261bd9b\">\n\n<p>Posledn&iacute; aktualizace: 31. kv&#283;tna 2023<\/p>\n\n\n\n<h2 class=\"gb-headline gb-headline-b173be55 gb-headline-text\"><strong>Interpretace a definice<\/strong><\/h2>\n\n\n\n<p><strong>V&yacute;klad<\/strong><\/p>\n\n\n\n<p>Slova, ve kter&yacute;ch je po&#269;&aacute;te&#269;n&iacute; p&iacute;smeno velk&eacute;, maj&iacute; v&yacute;znam definovan&yacute; za n&aacute;sleduj&iacute;c&iacute;ch podm&iacute;nek. N&aacute;sleduj&iacute;c&iacute; definice maj&iacute; stejn&yacute; v&yacute;znam bez ohledu na to, zda se vyskytuj&iacute; v jednotn&eacute;m nebo mno&#382;n&eacute;m &#269;&iacute;sle.<\/p>\n\n\n\n<p><strong>Definice<\/strong><\/p>\n\n\n\n<p>Pro &uacute;&#269;ely tohoto vylou&#269;en&iacute; odpov&#283;dnosti:<\/p>\n\n\n\n<ul class=\"wp-block-list\">\n<li>Spole&#269;nost (v t&#283;chto Z&aacute;sad&aacute;ch pou&#382;&iacute;v&aacute;n&iacute; soubor&#367; cookie ozna&#269;ovan&aacute; bu&#271; jako &bdquo;spole&#269;nost&ldquo;, &bdquo;my&ldquo;, &bdquo;n&aacute;s&ldquo; nebo &bdquo;na&scaron;e&ldquo;) odkazuje na KW_00001 .<\/li>\n\n\n\n<li>Ozna&#269;ujete u&#382;ivatele, jednotlivce p&#345;istupuj&iacute;c&iacute; ke Slu&#382;b&#283; nebo spole&#269;nost &#269;i jinou pr&aacute;vnickou osobu, jej&iacute;m&#382; jm&eacute;nem tato osoba p&#345;istupuje ke Slu&#382;b&#283; nebo ji pou&#382;&iacute;v&aacute;.<\/li>\n\n\n\n<li>Webov&aacute; str&aacute;nka odkazuje na <a href=\"https:\/\/bitcointrader.ai\/cs\/\">https:\/\/bitcointrader.ai<\/a> ( KW_00001 ).<\/li>\n\n\n\n<li>Slu&#382;ba odkazuje na webovou str&aacute;nku.<\/li>\n<\/ul>\n\n\n\n<h2 class=\"gb-headline gb-headline-4fe826b5 gb-headline-text\"><strong>Z&#345;eknut&iacute; se odpov&#283;dnosti<\/strong><\/h2>\n\n\n\n<p>Informace obsa&#382;en&eacute; ve Slu&#382;b&#283; slou&#382;&iacute; pouze pro obecn&eacute; informa&#269;n&iacute; &uacute;&#269;ely.<\/p>\n\n\n\n<p>Spole&#269;nost nenese &#382;&aacute;dnou odpov&#283;dnost za chyby nebo opomenut&iacute; v obsahu Slu&#382;by.<\/p>\n\n\n\n<p>Spole&#269;nost v &#382;&aacute;dn&eacute;m p&#345;&iacute;pad&#283; nenese odpov&#283;dnost za &#382;&aacute;dn&eacute; zvl&aacute;&scaron;tn&iacute;, p&#345;&iacute;m&eacute;, nep&#345;&iacute;m&eacute;, n&aacute;sledn&eacute; nebo n&aacute;hodn&eacute; &scaron;kody nebo jak&eacute;koli &scaron;kody, a&#357; u&#382; v d&#367;sledku smluvn&iacute;ho jedn&aacute;n&iacute;, nedbalosti nebo jin&yacute;ch delikt&#367;, vypl&yacute;vaj&iacute;c&iacute;ch z nebo v souvislosti s pou&#382;&iacute;v&aacute;n&iacute;m Slu&#382;by. nebo obsah Slu&#382;by. Spole&#269;nost si vyhrazuje pr&aacute;vo prov&aacute;d&#283;t dodatky, mazat nebo upravovat obsah slu&#382;by kdykoli bez p&#345;edchoz&iacute;ho upozorn&#283;n&iacute;.  <\/p>\n\n\n\n<p>Spole&#269;nost nezaru&#269;uje, &#382;e slu&#382;ba neobsahuje viry nebo jin&eacute; &scaron;kodliv&eacute; komponenty.<\/p>\n\n\n\n<p><strong>Extern&iacute; odkazy vylou&#269;en&iacute; odpov&#283;dnosti<\/strong><\/p>\n\n\n\n<p>Slu&#382;ba m&#367;&#382;e obsahovat odkazy na extern&iacute; webov&eacute; str&aacute;nky, kter&eacute; nejsou poskytov&aacute;ny ani spravov&aacute;ny Spole&#269;nost&iacute; ani s n&iacute; nejsou &#382;&aacute;dn&yacute;m zp&#367;sobem spojeny.<\/p>\n\n\n\n<p>Vezm&#283;te pros&iacute;m na v&#283;dom&iacute;, &#382;e Spole&#269;nost nezaru&#269;uje p&#345;esnost, relevanci, aktu&aacute;lnost nebo &uacute;plnost jak&yacute;chkoli informac&iacute; na t&#283;chto extern&iacute;ch webov&yacute;ch str&aacute;nk&aacute;ch.<\/p>\n\n\n\n<p><strong>Prohl&aacute;&scaron;en&iacute; o chyb&aacute;ch a opomenut&iacute;ch<\/strong><\/p>\n\n\n\n<p>Informace poskytovan&eacute; Slu&#382;bou jsou pouze pro obecn&eacute; vod&iacute;tko v z&aacute;le&#382;itostech z&aacute;jmu. I kdy&#382; spole&#269;nost podnikne ve&scaron;ker&aacute; opat&#345;en&iacute;, aby zajistila, &#382;e obsah slu&#382;by je aktu&aacute;ln&iacute; a p&#345;esn&yacute;, m&#367;&#382;e doj&iacute;t k chyb&aacute;m. Nav&iacute;c vzhledem k m&#283;n&iacute;c&iacute; se povaze z&aacute;kon&#367;, pravidel a p&#345;edpis&#367; m&#367;&#382;e doch&aacute;zet ke zpo&#382;d&#283;n&iacute;m, opomenut&iacute;m nebo nep&#345;esnostem v informac&iacute;ch obsa&#382;en&yacute;ch ve slu&#382;b&#283;.<\/p>\n\n\n\n<p>Spole&#269;nost nen&iacute; odpov&#283;dn&aacute; za &#382;&aacute;dn&eacute; chyby nebo opomenut&iacute; ani za v&yacute;sledky z&iacute;skan&eacute; pou&#382;it&iacute;m t&#283;chto informac&iacute;.<\/p>\n\n\n\n<p><strong>Prohl&aacute;&scaron;en&iacute; o spravedliv&eacute;m pou&#382;it&iacute;<\/strong><\/p>\n\n\n\n<p>Spole&#269;nost m&#367;&#382;e pou&#382;&iacute;vat materi&aacute;l chr&aacute;n&#283;n&yacute; autorsk&yacute;m pr&aacute;vem, kter&yacute; nebyl v&#382;dy v&yacute;slovn&#283; schv&aacute;len vlastn&iacute;kem autorsk&yacute;ch pr&aacute;v. Spole&#269;nost d&aacute;v&aacute; takov&yacute; materi&aacute;l k dispozici pro kritiku, koment&aacute;&#345;e, zpravodajstv&iacute;, v&yacute;uku, stipendia nebo v&yacute;zkum.<\/p>\n\n\n\n<p>Spole&#269;nost se domn&iacute;v&aacute;, &#382;e to p&#345;edstavuje &bdquo;spravedliv&eacute; pou&#382;it&iacute;&ldquo; jak&eacute;hokoli takov&eacute;ho materi&aacute;lu chr&aacute;n&#283;n&eacute;ho autorsk&yacute;m pr&aacute;vem, jak je stanoveno v &#269;&aacute;sti 107 z&aacute;kona o autorsk&yacute;ch pr&aacute;vech Spojen&yacute;ch st&aacute;t&#367; americk&yacute;ch.<\/p>\n\n\n\n<p>Pokud si p&#345;ejete pou&#382;&iacute;vat materi&aacute;l chr&aacute;n&#283;n&yacute; autorsk&yacute;mi pr&aacute;vy ze Slu&#382;by pro sv&eacute; vlastn&iacute; &uacute;&#269;ely, kter&eacute; p&#345;esahuj&iacute; r&aacute;mec fair use, mus&iacute;te z&iacute;skat povolen&iacute; od vlastn&iacute;ka autorsk&yacute;ch pr&aacute;v.<\/p>\n\n\n\n<p><strong>Views Expressed Disclaimer<\/strong><\/p>\n\n\n\n<p>Slu&#382;ba m&#367;&#382;e obsahovat n&aacute;zory a n&aacute;zory, kter&eacute; jsou n&aacute;zory autor&#367; a nemus&iacute; nutn&#283; odr&aacute;&#382;et ofici&aacute;ln&iacute; politiku nebo postoj jak&eacute;hokoli jin&eacute;ho autora, agentury, organizace, zam&#283;stnavatele nebo spole&#269;nosti, v&#269;etn&#283; Spole&#269;nosti.<\/p>\n\n\n\n<p>Koment&aacute;&#345;e zve&#345;ejn&#283;n&eacute; u&#382;ivateli jsou jejich v&yacute;hradn&iacute; odpov&#283;dnost&iacute; a u&#382;ivatel&eacute; p&#345;evezmou plnou odpov&#283;dnost, odpov&#283;dnost a vinu za jak&eacute;koli ur&aacute;&#382;ky na cti nebo soudn&iacute; spory, kter&eacute; vypl&yacute;vaj&iacute; z n&#283;&#269;eho napsan&eacute;ho nebo jako p&#345;&iacute;m&yacute; d&#367;sledek n&#283;&#269;eho napsan&eacute;ho v koment&aacute;&#345;i. Spole&#269;nost nenese odpov&#283;dnost za jak&yacute;koli koment&aacute;&#345; zve&#345;ejn&#283;n&yacute; u&#382;ivateli a vyhrazuje si pr&aacute;vo jak&yacute;koli koment&aacute;&#345; z jak&eacute;hokoli d&#367;vodu smazat.<\/p>\n\n\n\n<p><strong>&#381;&aacute;dn&eacute; vylou&#269;en&iacute; odpov&#283;dnosti<\/strong><\/p>\n\n\n\n<p>Informace o Slu&#382;b&#283; jsou poskytov&aacute;ny s v&#283;dom&iacute;m, &#382;e Spole&#269;nost se zde nezab&yacute;v&aacute; poskytov&aacute;n&iacute;m pr&aacute;vn&iacute;ch, &uacute;&#269;etn&iacute;ch, da&#328;ov&yacute;ch nebo jin&yacute;ch odborn&yacute;ch rad a slu&#382;eb. Jako takov&yacute; by nem&#283;l b&yacute;t pou&#382;&iacute;v&aacute;n jako n&aacute;hrada za konzultace s profesion&aacute;ln&iacute;mi &uacute;&#269;etn&iacute;mi, da&#328;ov&yacute;mi, pr&aacute;vn&iacute;mi nebo jin&yacute;mi kompetentn&iacute;mi poradci.<\/p>\n\n\n\n<p>Spole&#269;nost ani jej&iacute; dodavatel&eacute; v &#382;&aacute;dn&eacute;m p&#345;&iacute;pad&#283; nenesou odpov&#283;dnost za &#382;&aacute;dn&eacute; zvl&aacute;&scaron;tn&iacute;, n&aacute;hodn&eacute;, nep&#345;&iacute;m&eacute; nebo n&aacute;sledn&eacute; &scaron;kody vznikl&eacute; v souvislosti s va&scaron;&iacute;m p&#345;&iacute;stupem nebo pou&#382;&iacute;v&aacute;n&iacute;m nebo nemo&#382;nost&iacute; p&#345;&iacute;stupu ke Slu&#382;b&#283; nebo jej&iacute;m pou&#382;&iacute;v&aacute;n&iacute;m.<\/p>\n\n\n\n<p><strong>Prohl&aacute;&scaron;en&iacute; &bdquo;Pou&#382;&iacute;v&aacute;n&iacute; na vlastn&iacute; riziko&ldquo;.<\/strong><\/p>\n\n\n\n<p>Ve&scaron;ker&eacute; informace ve Slu&#382;b&#283; jsou poskytov&aacute;ny &bdquo;tak, jak jsou&ldquo;, bez z&aacute;ruky &uacute;plnosti, p&#345;esnosti, aktu&aacute;lnosti nebo v&yacute;sledk&#367; z&iacute;skan&yacute;ch pou&#382;it&iacute;m t&#283;chto informac&iacute; a bez z&aacute;ruky jak&eacute;hokoli druhu, v&yacute;slovn&eacute; nebo p&#345;edpokl&aacute;dan&eacute;, v&#269;etn&#283;, ale bez omezen&iacute; na z&aacute;ruky v&yacute;konu, prodejnosti a vhodnosti pro konkr&eacute;tn&iacute; &uacute;&#269;el.<\/p>\n\n\n\n<p>Spole&#269;nost nenese odpov&#283;dnost v&#367;&#269;i v&aacute;m ani nikomu jin&eacute;mu za jak&eacute;koli rozhodnut&iacute; nebo opat&#345;en&iacute; p&#345;ijat&eacute; na z&aacute;klad&#283; informac&iacute; poskytnut&yacute;ch slu&#382;bou ani za &#382;&aacute;dn&eacute; n&aacute;sledn&eacute;, zvl&aacute;&scaron;tn&iacute; nebo podobn&eacute; &scaron;kody, a to ani v p&#345;&iacute;pad&#283;, &#382;e byla na mo&#382;nost takov&yacute;ch &scaron;kod upozorn&#283;na.<\/p>\n\n\n\n<h2 class=\"gb-headline gb-headline-57280420 gb-headline-text\"><strong>Z&#345;eknut&iacute; se odpov&#283;dnosti za vysoce rizikov&eacute; investice<\/strong><\/h2>\n\n\n\n<p>&sbquo; KW_00001 &sbquo; (&sbquo; KW_00001 &sbquo;) umo&#382;&#328;uje sv&yacute;m u&#382;ivatel&#367;m (d&aacute;le jen &bdquo;U&#382;ivatel&ldquo; nebo &bdquo;U&#382;ivatel&eacute;&ldquo;) obchodovat s vysoce spekulativn&iacute;mi investicemi, kter&eacute; zahrnuj&iacute; zna&#269;n&eacute; riziko ztr&aacute;ty. Takov&eacute; obchodov&aacute;n&iacute; nen&iacute; vhodn&eacute; pro v&scaron;echny investory, tak&#382;e U&#382;ivatel&eacute; se mus&iacute; p&#345;ed obchodov&aacute;n&iacute;m ujistit, &#382;e pln&#283; rozum&iacute; rizik&#367;m. &sbquo; KW_00001 &sbquo; nespravuje ani nenab&iacute;z&iacute; &#382;&aacute;dn&eacute; pr&aacute;vn&iacute;, da&#328;ov&eacute;, &uacute;&#269;etn&iacute; nebo investi&#269;n&iacute; rady nebo doporu&#269;en&iacute; t&yacute;kaj&iacute;c&iacute; se vhodnosti, ziskovosti, investi&#269;n&iacute; strategie nebo jin&yacute;ch z&aacute;le&#382;itost&iacute; tohoto druhu.<\/p>\n\n\n\n<p>V&scaron;ichni u&#382;ivatel&eacute; a potenci&aacute;ln&iacute; u&#382;ivatel&eacute; by si m&#283;li pe&#269;liv&#283; p&#345;e&#269;&iacute;st n&aacute;sleduj&iacute;c&iacute; Prohl&aacute;&scaron;en&iacute; o rizic&iacute;ch a varov&aacute;n&iacute; obsa&#382;en&aacute; v tomto dokumentu, ne&#382; po&#382;&aacute;daj&iacute; &sbquo; KW_00001 &sbquo; o pou&#382;&iacute;v&aacute;n&iacute; jej&iacute;ho softwaru a ne&#382; za&#269;nou obchodovat na r&#367;zn&yacute;ch finan&#269;n&iacute;ch trz&iacute;ch pomoc&iacute; r&#367;zn&yacute;ch finan&#269;n&iacute;ch n&aacute;stroj&#367;. Je v&scaron;ak t&#345;eba poznamenat, &#382;e tento dokument nem&#367;&#382;e a ani neodhaluje ani nevysv&#283;tluje v&scaron;echna rizika a dal&scaron;&iacute; v&yacute;znamn&eacute; aspekty spojen&eacute; s obchodov&aacute;n&iacute;m na Forexu, CFD a kryptom&#283;n&aacute;ch. Ozn&aacute;men&iacute; bylo navr&#382;eno tak, aby obecn&#283; vysv&#283;tlilo povahu rizik spojen&yacute;ch s obchodov&aacute;n&iacute;m s Forexem, CFD a kryptom&#283;nami spravedliv&yacute;m a nezav&aacute;d&#283;j&iacute;c&iacute;m zp&#367;sobem.<\/p>\n\n\n\n<p>VZHLEDEM K VYSOK&Eacute; RIZIKOV&Eacute; POVAZE OBCHODOV&Aacute;N&Iacute; &sbquo; KW_00001 &sbquo; V&Yacute;SLOVN&#282; NEPOSKYTUJE &#381;&Aacute;DN&Eacute; V&Yacute;SLOVN&Eacute; ANI P&#344;EDPOKL&Aacute;DAN&Eacute; Z&Aacute;RUKY ANI ZARU&#268;UJE, &#381;E U&#381;IVATEL&Eacute; DOSAHUJ&Iacute; JAK&Yacute;KOLI ZISK NEBO &#381;E U&#381;IVATEL&Eacute; NEZTRAT&Iacute; &#381;&Aacute;DN&Yacute; VKLAD NEBO INVESTICE.<\/p>\n\n\n\n<p>Obchodov&aacute;n&iacute; na Forexu, CFD a kryptom&#283;n&aacute;ch je VELMI SPEKULATIVN&Iacute; A VYSOCE RIZIKO a nen&iacute; vhodn&eacute; pro v&scaron;echny &#269;leny &scaron;irok&eacute; ve&#345;ejnosti, ale pouze pro ty investory, kte&#345;&iacute;:<\/p>\n\n\n\n<p>(a) Ch&aacute;pat a b&yacute;t ochotni p&#345;evz&iacute;t souvisej&iacute;c&iacute; ekonomick&aacute;, pr&aacute;vn&iacute; a jin&aacute; rizika.<\/p>\n\n\n\n<p>(b) Berou v &uacute;vahu jejich osobn&iacute; finan&#269;n&iacute; situaci, finan&#269;n&iacute; zdroje, &#382;ivotn&iacute; styl a z&aacute;vazky jsou finan&#269;n&#283; schopny p&#345;evz&iacute;t ztr&aacute;tu cel&eacute; sv&eacute; investice.<\/p>\n\n\n\n<p>(c) M&iacute;t znalosti pro porozum&#283;n&iacute; obchodov&aacute;n&iacute; Forex, CFD a kryptom&#283;n a podkladov&yacute;ch aktiv a trh&#367;.<\/p>\n\n\n\n<p>&sbquo; KW_00001 &sbquo; nebude poskytovat u&#382;ivatel&#367;m &#382;&aacute;dn&eacute; rady t&yacute;kaj&iacute;c&iacute; se Forexu, CFD a kryptom&#283;n, podkladov&yacute;ch aktiv a trh&#367;, ani poskytovat investi&#269;n&iacute; doporu&#269;en&iacute; jak&eacute;hokoli druhu. Pokud tedy U&#382;ivatel nerozum&iacute; souvisej&iacute;c&iacute;m rizik&#367;m, m&#283;l by vyhledat radu a konzultaci od nez&aacute;visl&eacute;ho finan&#269;n&iacute;ho poradce. Pokud u&#382;ivatel st&aacute;le nerozum&iacute; rizik&#367;m spojen&yacute;m s obchodov&aacute;n&iacute;m na Forexu, CFD a kryptom&#283;n&aacute;ch, nem&#283;l by obchodovat v&#367;bec.<\/p>\n\n\n\n<p>Forex, CFD a kryptom&#283;ny jsou deriv&aacute;tov&eacute; finan&#269;n&iacute; n&aacute;stroje odvozuj&iacute;c&iacute; svou hodnotu od cen podkladov&yacute;ch aktiv\/trh&#367;, ke kter&yacute;m se vztahuj&iacute; (nap&#345;&iacute;klad: m&#283;ny, akciov&eacute; indexy, akcie, kovy, indexy futures, forwardy atd.). Je proto d&#367;le&#382;it&eacute;, aby U&#382;ivatel rozum&#283;l rizik&#367;m spojen&yacute;m s obchodov&aacute;n&iacute;m s p&#345;&iacute;slu&scaron;n&yacute;m podkladov&yacute;m aktivem\/trhem, proto&#382;e kol&iacute;s&aacute;n&iacute; ceny podkladov&eacute;ho aktiva\/trhu ovlivn&iacute; ziskovost jeho obchodu.<\/p>\n\n\n\n<p><strong>N&#283;kter&aacute; takov&aacute; rizika zahrnuj&iacute;<\/strong><\/p>\n\n\n\n<p>Volatilita &ndash; Pohyby v cen&#283; podkladov&yacute;ch aktiv\/trh&#367; mohou b&yacute;t volatiln&iacute; a nep&#345;edv&iacute;dateln&eacute;. To bude m&iacute;t p&#345;&iacute;m&yacute; dopad na zisky a ztr&aacute;ty U&#382;ivatele. Pochopen&iacute; volatility podkladov&eacute;ho trhu pom&#367;&#382;e u&#382;ivatel&#367;m nav&eacute;st, jak obchodovat a kolik je ochoten ztratit.<\/p>\n\n\n\n<p>V&yacute;kyvy trhu &ndash; V&yacute;kyvy jsou n&aacute;hl&yacute; posun ceny podkladov&eacute;ho aktiva z jedn&eacute; &uacute;rovn&#283; na druhou. K gappingu mohou v&eacute;st r&#367;zn&eacute; faktory (nap&#345;&iacute;klad ekonomick&eacute; ud&aacute;losti nebo ozn&aacute;men&iacute; trhu) a gapping m&#367;&#382;e nastat jak kdy&#382; je podkladov&yacute; trh otev&#345;en&yacute;, tak kdy&#382; je uzav&#345;en. Kdy&#382; se tyto faktory vyskytnou v dob&#283;, kdy je podkladov&yacute; trh uzav&#345;en, cena podkladov&eacute;ho trhu p&#345;i jeho op&#283;tovn&eacute;m otev&#345;en&iacute; (a tedy na&scaron;e odvozen&aacute; cena) se m&#367;&#382;e v&yacute;razn&#283; li&scaron;it od zav&iacute;rac&iacute; ceny, bez mo&#382;nosti uzav&#345;&iacute;t obchod mezi t&iacute;m. &sbquo;Gapping&lsquo; m&#367;&#382;e m&iacute;t za n&aacute;sledek v&yacute;znamnou ztr&aacute;tu (nebo zisk).<\/p>\n\n\n\n<p>Likvidita trhu &ndash; Ceny Forexu, CFD a kryptom&#283;n budou mimo jin&eacute; ovlivn&#283;ny m&#283;n&iacute;c&iacute;mi se vztahy mezi nab&iacute;dkou a popt&aacute;vkou, vl&aacute;dn&iacute;mi, zem&#283;d&#283;lsk&yacute;mi, obchodn&iacute;mi a obchodn&iacute;mi programy a politikami, n&aacute;rodn&iacute;mi a mezin&aacute;rodn&iacute;mi politick&yacute;mi a ekonomick&yacute;mi ud&aacute;lostmi a p&#345;evl&aacute;daj&iacute;c&iacute;mi psychologick&yacute;mi charakteristikami. p&#345;&iacute;slu&scaron;n&eacute;ho trhu a n&#283;kter&aacute; podkladov&aacute; aktiva Forexu, CFD a kryptom&#283;n se nemus&iacute; st&aacute;t okam&#382;it&#283; likvidn&iacute; v d&#367;sledku sn&iacute;&#382;en&eacute; popt&aacute;vky po podkladov&eacute;m aktivu. Tr&#382;n&iacute; podm&iacute;nky se tedy mohou v&yacute;razn&#283; zm&#283;nit ve velmi kr&aacute;tk&eacute;m &#269;asov&eacute;m obdob&iacute;, a proto za ur&#269;it&yacute;ch tr&#382;n&iacute;ch podm&iacute;nek m&#367;&#382;e b&yacute;t nemo&#382;n&eacute;, aby byl pokyn U&#382;ivatele proveden, co&#382; vede ke ztr&aacute;t&aacute;m.<\/p>\n\n\n\n<p>Rozum&iacute; se, &#382;e pokud jde o obchodov&aacute;n&iacute; s m&#283;nami, mohou nastat situace, pohyby a\/nebo podm&iacute;nky, kter&eacute; nastanou o v&iacute;kendu, na za&#269;&aacute;tku t&yacute;dne nebo v r&aacute;mci dne po zve&#345;ejn&#283;n&iacute; v&yacute;znamn&yacute;ch makroekonomick&yacute;ch &uacute;daj&#367;, ekonomick&yacute;ch nebo politick&yacute;ch zpr&aacute;v, kter&eacute; nut&iacute; m&#283;nov&eacute; trhy otev&#345;en&eacute; s cenov&yacute;mi hladinami, kter&eacute; se mohou podstatn&#283; li&scaron;it od p&#345;edchoz&iacute;ch cen.<\/p>\n\n\n\n<p><strong>* UPOZORN&#282;N&Iacute; NA VYSOCE RIZIKOV&Eacute; INVESTICE *<\/strong><\/p>\n\n\n\n<p>Obchodov&aacute;n&iacute; na Forexu, CFD a kryptom&#283;n&aacute;ch zahrnuje riziko ztr&aacute;ty va&scaron;&iacute; investice. Toto upozorn&#283;n&iacute; na rizika nem&#367;&#382;e a neuv&aacute;d&iacute; v&scaron;echna rizika a dal&scaron;&iacute; v&yacute;znamn&eacute; aspekty obchodov&aacute;n&iacute; s opcemi a deriv&aacute;ty. Nem&#283;li byste spekulovat s kapit&aacute;lem, kter&yacute; si nem&#367;&#382;ete dovolit ztratit. D&#367;razn&#283; doporu&#269;ujeme, abyste si p&#345;ed zah&aacute;jen&iacute;m pou&#382;&iacute;v&aacute;n&iacute; na&scaron;&iacute; slu&#382;by p&#345;e&#269;etli <a href=\"https:\/\/bitcointrader.ai\/terms\/\">Smluvn&iacute; podm&iacute;nky<\/a> a <a href=\"https:\/\/bitcointrader.ai\/cs\/privacy-policy\/\">Z&aacute;sady ochrany osobn&iacute;ch &uacute;daj&#367;<\/a> na&scaron;&iacute; webov&eacute; str&aacute;nky.<\/p>\n\n\n\n<h2 class=\"gb-headline gb-headline-8e446d6b gb-headline-text\"><strong>Kontaktujte n&aacute;s<\/strong><\/h2>\n\n\n\n<p>M&aacute;te-li jak&eacute;koli dotazy t&yacute;kaj&iacute;c&iacute; se tohoto vylou&#269;en&iacute; odpov&#283;dnosti, m&#367;&#382;ete n&aacute;s kontaktovat:<\/p>\n\n\n\n<ul class=\"wp-block-list\">\n<li>E-mailem: info[at] bitcointrader.ai<\/li>\n<\/ul>\n\n\n\n<p>N&aacute;v&scaron;t&#283;vou t&eacute;to str&aacute;nky na na&scaron;em webu: <a href=\"https:\/\/bitcointrader.ai\/cs\/contact-us\/\">https:\/\/bitcointrader.ai\/contact-us<\/a><\/p>\n\n<\/div>\n<\/div>\n","protected":false},"excerpt":{"rendered":"<p>Z&#345;eknut&iacute; se odpov&#283;dnosti Posledn&iacute; aktualizace: 31. kv&#283;tna 2023 Interpretace a definice V&yacute;klad Slova, ve kter&yacute;ch je po&#269;&aacute;te&#269;n&iacute; p&iacute;smeno velk&eacute;, maj&iacute; v&yacute;znam definovan&yacute; za n&aacute;sleduj&iacute;c&iacute;ch podm&iacute;nek. N&aacute;sleduj&iacute;c&iacute; definice maj&iacute; stejn&yacute; v&yacute;znam bez ohledu na to, zda se vyskytuj&iacute; v jednotn&eacute;m nebo mno&#382;n&eacute;m &#269;&iacute;sle. Definice Pro &uacute;&#269;ely tohoto vylou&#269;en&iacute; odpov&#283;dnosti: Z&#345;eknut&iacute; se odpov&#283;dnosti Informace obsa&#382;en&eacute; ve Slu&#382;b&#283; &#8230; <a title=\"Z\u0159eknut\u00ed se odpov\u011bdnosti\" class=\"read-more\" href=\"https:\/\/bitcointrader.ai\/cs\/disclaimer\/\" aria-label=\"\u010c\u00edst v\u00edce o Z\u0159eknut\u00ed se odpov\u011bdnosti\">Read more<\/a><\/p>\n","protected":false},"author":1,"featured_media":0,"parent":0,"menu_order":0,"comment_status":"closed","ping_status":"closed","template":"","meta":{"footnotes":""},"class_list":["post-3717","page","type-page","status-publish"],"_links":{"self":[{"href":"https:\/\/bitcointrader.ai\/cs\/wp-json\/wp\/v2\/pages\/3717","targetHints":{"allow":["GET"]}}],"collection":[{"href":"https:\/\/bitcointrader.ai\/cs\/wp-json\/wp\/v2\/pages"}],"about":[{"href":"https:\/\/bitcointrader.ai\/cs\/wp-json\/wp\/v2\/types\/page"}],"author":[{"embeddable":true,"href":"https:\/\/bitcointrader.ai\/cs\/wp-json\/wp\/v2\/users\/1"}],"replies":[{"embeddable":true,"href":"https:\/\/bitcointrader.ai\/cs\/wp-json\/wp\/v2\/comments?post=3717"}],"version-history":[{"count":2,"href":"https:\/\/bitcointrader.ai\/cs\/wp-json\/wp\/v2\/pages\/3717\/revisions"}],"predecessor-version":[{"id":17064,"href":"https:\/\/bitcointrader.ai\/cs\/wp-json\/wp\/v2\/pages\/3717\/revisions\/17064"}],"wp:attachment":[{"href":"https:\/\/bitcointrader.ai\/cs\/wp-json\/wp\/v2\/media?parent=3717"}],"curies":[{"name":"wp","href":"https:\/\/api.w.org\/{rel}","templated":true}]}}