{"id":3798,"date":"2023-05-23T06:41:53","date_gmt":"2023-05-23T06:41:53","guid":{"rendered":"https:\/\/bitcointrader.ai\/oswiadczenie\/"},"modified":"2025-01-05T14:35:07","modified_gmt":"2025-01-05T14:35:07","slug":"disclaimer","status":"publish","type":"page","link":"https:\/\/bitcointrader.ai\/pl\/disclaimer\/","title":{"rendered":"Zastrze\u017cenie"},"content":{"rendered":"<?xml encoding=\"UTF-8\"><div class=\"gb-container gb-container-f493ca47\">\n<div class=\"gb-container gb-container-74097ace\">\n\n<h1 class=\"gb-headline gb-headline-d325e19c gb-headline-text\">Zastrze&#380;enie<\/h1>\n\n<\/div>\n<\/div><div class=\"gb-container gb-container-82ad59e1\">\n<div class=\"gb-container gb-container-1261bd9b\">\n\n<p>Ostatnia aktualizacja: 31 maja 2023 r<\/p>\n\n\n\n<h2 class=\"gb-headline gb-headline-b173be55 gb-headline-text\"><strong>Interpretacja i definicje<\/strong><\/h2>\n\n\n\n<p><strong>Interpretacja<\/strong><\/p>\n\n\n\n<p>S&#322;owa, w kt&oacute;rych pierwsza litera jest pisana wielk&#261; liter&#261;, maj&#261; znaczenie okre&#347;lone zgodnie z nast&#281;puj&#261;cymi warunkami. Poni&#380;sze definicje maj&#261; to samo znaczenie niezale&#380;nie od tego, czy wyst&#281;puj&#261; w liczbie pojedynczej, czy w liczbie mnogiej.<\/p>\n\n\n\n<p><strong>Definicje<\/strong><\/p>\n\n\n\n<p>Na potrzeby niniejszego Zastrze&#380;enia:<\/p>\n\n\n\n<ul class=\"wp-block-list\">\n<li>Firma (w niniejszej Polityce plik&oacute;w cookie zwana &bdquo;Firm&#261;&rdquo;, &bdquo;My&rdquo;, &bdquo;Nas&rdquo; lub &bdquo;Nasz&rdquo;) odnosi si&#281; do KW_00001 .<\/li>\n\n\n\n<li>Oznacza U&#380;ytkownika, osob&#281; uzyskuj&#261;c&#261; dost&#281;p do Us&#322;ugi lub firm&#281; lub inny podmiot prawny, w imieniu kt&oacute;rego taka osoba uzyskuje dost&#281;p do Us&#322;ugi lub z niej korzysta, stosownie do przypadku.<\/li>\n\n\n\n<li>Strona internetowa odsy&#322;a do <a href=\"https:\/\/bitcointrader.ai\/pl\/\">https:\/\/bitcointrader.ai<\/a> ( KW_00001 ).<\/li>\n\n\n\n<li>Us&#322;uga oznacza Stron&#281; Internetow&#261;.<\/li>\n<\/ul>\n\n\n\n<h2 class=\"gb-headline gb-headline-4fe826b5 gb-headline-text\"><strong>Zastrze&#380;enie<\/strong><\/h2>\n\n\n\n<p>Informacje zawarte w Serwisie maj&#261; charakter wy&#322;&#261;cznie informacyjny.<\/p>\n\n\n\n<p>Sp&oacute;&#322;ka nie ponosi &#380;adnej odpowiedzialno&#347;ci za b&#322;&#281;dy lub pomini&#281;cia w tre&#347;ci Serwisu.<\/p>\n\n\n\n<p>W &#380;adnym wypadku Firma nie b&#281;dzie ponosi&#263; odpowiedzialno&#347;ci za jakiekolwiek szczeg&oacute;lne, bezpo&#347;rednie, po&#347;rednie, wt&oacute;rne lub przypadkowe szkody lub jakiekolwiek szkody, czy to wynikaj&#261;ce z umowy, zaniedbania lub innych czyn&oacute;w niedozwolonych, powsta&#322;e w wyniku lub w zwi&#261;zku z korzystaniem z Us&#322;ugi lub tre&#347;&#263; Us&#322;ugi. Firma zastrzega sobie prawo do wprowadzania uzupe&#322;nie&#324;, usuwania lub modyfikacji tre&#347;ci Serwisu w dowolnym momencie i bez uprzedniego powiadomienia.  <\/p>\n\n\n\n<p>Firma nie gwarantuje, &#380;e Us&#322;uga jest wolna od wirus&oacute;w lub innych szkodliwych element&oacute;w.<\/p>\n\n\n\n<p><strong>Zastrze&#380;enie dotycz&#261;ce link&oacute;w zewn&#281;trznych<\/strong><\/p>\n\n\n\n<p>Us&#322;uga mo&#380;e zawiera&#263; &#322;&#261;cza do zewn&#281;trznych witryn internetowych, kt&oacute;re nie s&#261; dostarczane ani utrzymywane przez Sp&oacute;&#322;k&#281; ani w &#380;aden spos&oacute;b z ni&#261; powi&#261;zane.<\/p>\n\n\n\n<p>Nale&#380;y pami&#281;ta&#263;, &#380;e Firma nie gwarantuje dok&#322;adno&#347;ci, przydatno&#347;ci, aktualno&#347;ci ani kompletno&#347;ci jakichkolwiek informacji na tych zewn&#281;trznych stronach internetowych.<\/p>\n\n\n\n<p><strong>Zastrze&#380;enie dotycz&#261;ce b&#322;&#281;d&oacute;w i pomini&#281;&#263;<\/strong><\/p>\n\n\n\n<p>Informacje podawane przez Serwis maj&#261; wy&#322;&#261;cznie charakter og&oacute;lnych wskaz&oacute;wek w sprawach b&#281;d&#261;cych przedmiotem zainteresowania. Nawet je&#347;li Sp&oacute;&#322;ka podejmie wszelkie &#347;rodki ostro&#380;no&#347;ci, aby zawarto&#347;&#263; Us&#322;ugi by&#322;a aktualna i dok&#322;adna, mog&#261; wyst&#261;pi&#263; b&#322;&#281;dy. Ponadto, bior&#261;c pod uwag&#281; zmieniaj&#261;cy si&#281; charakter praw, zasad i przepis&oacute;w, mog&#261; wyst&#261;pi&#263; op&oacute;&#378;nienia, pomini&#281;cia lub niedok&#322;adno&#347;ci w informacjach zawartych w Us&#322;udze.<\/p>\n\n\n\n<p>Firma nie ponosi odpowiedzialno&#347;ci za jakiekolwiek b&#322;&#281;dy lub przeoczenia, ani za wyniki uzyskane w wyniku wykorzystania tych informacji.<\/p>\n\n\n\n<p><strong>Zastrze&#380;enie dotycz&#261;ce dozwolonego u&#380;ytku<\/strong><\/p>\n\n\n\n<p>Firma mo&#380;e wykorzystywa&#263; materia&#322;y chronione prawem autorskim, kt&oacute;re nie zawsze zosta&#322;y wyra&#378;nie autoryzowane przez w&#322;a&#347;ciciela praw autorskich. Firma udost&#281;pnia takie materia&#322;y w celu krytyki, komentarzy, doniesie&#324; prasowych, nauczania, stypendi&oacute;w lub bada&#324;.<\/p>\n\n\n\n<p>Sp&oacute;&#322;ka uwa&#380;a, &#380;e &#8203;&#8203;stanowi to &bdquo;dozwolony u&#380;ytek&rdquo; wszelkich materia&#322;&oacute;w chronionych prawem autorskim zgodnie z sekcj&#261; 107 ameryka&#324;skiego prawa autorskiego.<\/p>\n\n\n\n<p>Je&#347;li chcesz u&#380;ywa&#263; materia&#322;&oacute;w obj&#281;tych prawem autorskim z Us&#322;ugi do w&#322;asnych cel&oacute;w wykraczaj&#261;cych poza dozwolony u&#380;ytek, musisz uzyska&#263; zgod&#281; w&#322;a&#347;ciciela praw autorskich.<\/p>\n\n\n\n<p><strong>Wy&#347;wietlenia wyra&#380;one zrzeczenie si&#281; odpowiedzialno&#347;ci<\/strong><\/p>\n\n\n\n<p>Serwis mo&#380;e zawiera&#263; pogl&#261;dy i opinie b&#281;d&#261;ce pogl&#261;dami autor&oacute;w i niekoniecznie odzwierciedlaj&#261;ce oficjaln&#261; polityk&#281; lub stanowisko jakiegokolwiek innego autora, agencji, organizacji, pracodawcy lub firmy, w tym Sp&oacute;&#322;ki.<\/p>\n\n\n\n<p>Komentarze publikowane przez u&#380;ytkownik&oacute;w s&#261; ich wy&#322;&#261;czn&#261; odpowiedzialno&#347;ci&#261;, a u&#380;ytkownicy ponosz&#261; pe&#322;n&#261; odpowiedzialno&#347;&#263; i win&#281; za wszelkie znies&#322;awienia lub spory s&#261;dowe wynikaj&#261;ce z czego&#347; napisanego w komentarzu lub b&#281;d&#261;ce bezpo&#347;rednim skutkiem czego&#347; napisanego w komentarzu. Sp&oacute;&#322;ka nie ponosi odpowiedzialno&#347;ci za jakiekolwiek komentarze opublikowane przez u&#380;ytkownik&oacute;w i zastrzega sobie prawo do usuni&#281;cia dowolnego komentarza z dowolnego powodu.<\/p>\n\n\n\n<p><strong>Brak wy&#322;&#261;czenia odpowiedzialno&#347;ci<\/strong><\/p>\n\n\n\n<p>Informacje zawarte w Serwisie s&#261; podawane przy za&#322;o&#380;eniu, &#380;e Sp&oacute;&#322;ka nie zajmuje si&#281; w niniejszym dokumencie &#347;wiadczeniem porad i us&#322;ug prawnych, ksi&#281;gowych, podatkowych ani innych profesjonalnych porad i us&#322;ug. W zwi&#261;zku z tym nie powinien zast&#281;powa&#263; konsultacji z profesjonalnymi doradcami z zakresu ksi&#281;gowo&#347;ci, podatk&oacute;w, prawa lub innymi kompetentnymi doradcami.<\/p>\n\n\n\n<p>W &#380;adnym wypadku Firma ani jej dostawcy nie ponosz&#261; odpowiedzialno&#347;ci za jakiekolwiek szczeg&oacute;lne, przypadkowe, po&#347;rednie lub wt&oacute;rne szkody powsta&#322;e w wyniku lub w zwi&#261;zku z dost&#281;pem lub u&#380;ytkowaniem lub niemo&#380;no&#347;ci&#261; uzyskania dost&#281;pu lub korzystania z Us&#322;ugi.<\/p>\n\n\n\n<p><strong>Zastrze&#380;enie &bdquo;U&#380;ywaj na w&#322;asne ryzyko&rdquo;.<\/strong><\/p>\n\n\n\n<p>Wszystkie informacje w Serwisie s&#261; dostarczane w stanie &bdquo;takim, jakie s&#261;&rdquo;, bez gwarancji kompletno&#347;ci, dok&#322;adno&#347;ci, aktualno&#347;ci ani wynik&oacute;w uzyskanych w wyniku wykorzystania tych informacji, ani bez jakiejkolwiek gwarancji, wyra&#378;nej lub dorozumianej, w tym mi&#281;dzy innymi gwarancje wydajno&#347;ci, przydatno&#347;ci handlowej i przydatno&#347;ci do okre&#347;lonego celu.<\/p>\n\n\n\n<p>Firma nie b&#281;dzie ponosi&#263; odpowiedzialno&#347;ci wobec Ciebie ani nikogo innego za jakiekolwiek decyzje lub dzia&#322;ania podj&#281;te w oparciu o informacje podane przez Us&#322;ug&#281; lub za jakiekolwiek szkody wt&oacute;rne, szczeg&oacute;lne lub podobne, nawet je&#347;li zosta&#322;a poinformowana o mo&#380;liwo&#347;ci wyst&#261;pienia takich szk&oacute;d.<\/p>\n\n\n\n<h2 class=\"gb-headline gb-headline-57280420 gb-headline-text\"><strong>Zastrze&#380;enie dotycz&#261;ce inwestycji wysokiego ryzyka<\/strong><\/h2>\n\n\n\n<p>&rsquo; KW_00001 &rsquo; (&rsquo; KW_00001 &rsquo;) umo&#380;liwia swoim u&#380;ytkownikom (zwanym dalej: &bdquo;U&#380;ytkownikiem&rdquo; lub &bdquo;U&#380;ytkownikami&rdquo;) handel inwestycjami o charakterze wysoce spekulacyjnym, kt&oacute;re wi&#261;&#380;&#261; si&#281; ze znacznym ryzykiem straty. Taki handel nie jest odpowiedni dla wszystkich inwestor&oacute;w, dlatego przed przyst&#261;pieniem do handlu U&#380;ytkownicy musz&#261; upewni&#263; si&#281;, &#380;e w pe&#322;ni rozumiej&#261; ryzyko. &rsquo; KW_00001 &rsquo; nie zarz&#261;dza, ani nie oferuje &#380;adnych porad prawnych, podatkowych, ksi&#281;gowych lub inwestycyjnych ani rekomendacji dotycz&#261;cych przydatno&#347;ci, rentowno&#347;ci, strategii inwestycyjnej ani innych kwestii tego rodzaju.<\/p>\n\n\n\n<p>Wszyscy U&#380;ytkownicy i potencjalni U&#380;ytkownicy powinni uwa&#380;nie przeczyta&#263; poni&#380;sze Ostrze&#380;enie o Ryzyku i ostrze&#380;enia zawarte w tym dokumencie, przed z&#322;o&#380;eniem wniosku do &rsquo; KW_00001 &rsquo; o korzystanie z jego oprogramowania i przed rozpocz&#281;ciem handlu na r&oacute;&#380;nych rynkach finansowych przy u&#380;yciu r&oacute;&#380;nych instrument&oacute;w finansowych. Nale&#380;y jednak zauwa&#380;y&#263;, &#380;e niniejszy dokument nie mo&#380;e i nie ujawnia ani nie wyja&#347;nia wszystkich ryzyk i innych istotnych aspekt&oacute;w zwi&#261;zanych z handlem na rynku Forex, kontraktami CFD i kryptowalutami. Powiadomienie mia&#322;o na celu og&oacute;lne wyja&#347;nienie charakteru ryzyka zwi&#261;zanego z transakcjami na rynku Forex, kontraktami CFD i kryptowalutami w spos&oacute;b uczciwy i niewprowadzaj&#261;cy w b&#322;&#261;d.<\/p>\n\n\n\n<p>ZE WZGL&#280;DU NA CHARAKTER HANDLU WYSOKIEGO RYZYKA, &bdquo; KW_00001 &rdquo; WYRA&#377;NIE NIE UDZIELA &#379;ADNYCH WYRA&#377;NYCH ANI DOROZUMIANYCH GWARANCJI ANI GWARANCJI, &#379;E U&#379;YTKOWNICY OSI&#260;GN&#260; JAKIEKOLWIEK ZYSK LUB &#379;E U&#379;YTKOWNICY NIE STRACIJ&#260; &#379;ADNYCH LUB WSZYSTKICH ZDEPOZYOWANYCH &#346;RODK&Oacute;W INWESTYCYJNYCH.<\/p>\n\n\n\n<p>Handel na rynku Forex, kontraktami CFD i kryptowalutami jest BARDZO SPEKULACYJNY I WYSOCE RYZYKOWY i nie jest odpowiedni dla wszystkich og&oacute;&#322;u spo&#322;ecze&#324;stwa, ale tylko dla tych inwestor&oacute;w, kt&oacute;rzy:<\/p>\n\n\n\n<p>(a) Rozumiej&#261; i s&#261; gotowi ponie&#347;&#263; zwi&#261;zane z tym ryzyko ekonomiczne, prawne i inne.<\/p>\n\n\n\n<p>(b) Bior&#261;c pod uwag&#281; ich osobist&#261; sytuacj&#281; finansow&#261;, zasoby finansowe, styl &#380;ycia i zobowi&#261;zania, czy s&#261; oni w stanie finansowo ponie&#347;&#263; strat&#281; ca&#322;ej inwestycji.<\/p>\n\n\n\n<p>(c) Posiada&#263; wiedz&#281; niezb&#281;dn&#261; do zrozumienia handlu na rynku Forex, kontraktami CFD i kryptowalutami oraz bazowych aktyw&oacute;w i rynk&oacute;w.<\/p>\n\n\n\n<p>&bdquo; KW_00001 &rdquo; nie b&#281;dzie udziela&#263; U&#380;ytkownikom &#380;adnych porad dotycz&#261;cych rynku Forex, kontrakt&oacute;w CFD i kryptowalut, bazowych aktyw&oacute;w i rynk&oacute;w, ani nie b&#281;dzie wydawa&#263; jakichkolwiek rekomendacji inwestycyjnych. Je&#347;li wi&#281;c U&#380;ytkownik nie rozumie zwi&#261;zanego z tym ryzyka, powinien zwr&oacute;ci&#263; si&#281; o porad&#281; i konsultacj&#281; do niezale&#380;nego doradcy finansowego. Je&#347;li U&#380;ytkownik w dalszym ci&#261;gu nie rozumie ryzyka zwi&#261;zanego z handlem na rynku Forex, kontraktami CFD i kryptowalutami, w&oacute;wczas nie powinien w og&oacute;le handlowa&#263;.<\/p>\n\n\n\n<p>Forex, kontrakty CFD i kryptowaluty to pochodne instrumenty finansowe, kt&oacute;rych warto&#347;&#263; opiera si&#281; na cenach bazowych aktyw&oacute;w\/rynk&oacute;w, do kt&oacute;rych si&#281; odnosz&#261; (na przyk&#322;ad: waluty, indeksy akcji, akcje, metale, kontrakty futures na indeksy, kontrakty forward itp.). Dlatego wa&#380;ne jest, aby U&#380;ytkownik rozumia&#322; ryzyko zwi&#261;zane z handlem danym aktywem bazowym\/rynkiem, poniewa&#380; wahania cen bazowego aktywa\/rynku b&#281;d&#261; mia&#322;y wp&#322;yw na rentowno&#347;&#263; jego transakcji.<\/p>\n\n\n\n<p><strong>Niekt&oacute;re z takich zagro&#380;e&#324; obejmuj&#261;<\/strong><\/p>\n\n\n\n<p>Zmienno&#347;&#263; &ndash; zmiany cen aktyw&oacute;w\/rynk&oacute;w bazowych mog&#261; by&#263; zmienne i nieprzewidywalne. B&#281;dzie to mia&#322;o bezpo&#347;redni wp&#322;yw na zyski i straty U&#380;ytkownika. Zrozumienie zmienno&#347;ci rynku bazowego pomo&#380;e U&#380;ytkownikom dowiedzie&#263; si&#281;, jak handlowa&#263; i ile s&#261; sk&#322;onni straci&#263;.<\/p>\n\n\n\n<p>Wahania rynkowe &ndash; Wahania to nag&#322;a zmiana ceny instrumentu bazowego z jednego poziomu na drugi. Do powstawania luk mog&#261; prowadzi&#263; r&oacute;&#380;ne czynniki (na przyk&#322;ad wydarzenia gospodarcze lub og&#322;oszenia rynkowe), a luki mog&#261; wyst&#261;pi&#263; zar&oacute;wno wtedy, gdy rynek bazowy jest otwarty, jak i wtedy, gdy jest zamkni&#281;ty. Kiedy te czynniki wyst&#261;pi&#261;, gdy rynek bazowy jest zamkni&#281;ty, cena rynku bazowego w momencie jego ponownego otwarcia (a tym samym nasza cena pochodna) mo&#380;e znacznie r&oacute;&#380;ni&#263; si&#281; od ceny zamkni&#281;cia, bez mo&#380;liwo&#347;ci zamkni&#281;cia transakcji pomi&#281;dzy nimi. &bdquo;Gapping&rdquo; mo&#380;e skutkowa&#263; znaczn&#261; strat&#261; (lub zyskiem).<\/p>\n\n\n\n<p>P&#322;ynno&#347;&#263; rynku &ndash; na ceny Forex, kontrakt&oacute;w CFD i kryptowalut b&#281;d&#261; mia&#322;y wp&#322;yw mi&#281;dzy innymi zmieniaj&#261;ce si&#281; relacje poda&#380;y i popytu, programy i polityki rz&#261;dowe, rolnicze, handlowe i handlowe, krajowe i mi&#281;dzynarodowe wydarzenia polityczne i gospodarcze oraz dominuj&#261;ce cechy psychologiczne odpowiedniego rynku, a niekt&oacute;re aktywa bazowe Forex, CFD i Kryptowaluty mog&#261; nie sta&#263; si&#281; natychmiast p&#322;ynne w wyniku zmniejszonego popytu na aktywa bazowe. Zatem warunki rynkowe mog&#261; zmieni&#263; si&#281; znacz&#261;co w bardzo kr&oacute;tkim czasie, a co za tym idzie, w okre&#347;lonych warunkach rynkowych realizacja zlecenia U&#380;ytkownika mo&#380;e okaza&#263; si&#281; niemo&#380;liwa, co mo&#380;e skutkowa&#263; stratami.<\/p>\n\n\n\n<p>Rozumie si&#281;, &#380;e je&#347;li chodzi o handel walutami, mog&#261; wyst&#261;pi&#263; sytuacje, ruchy i\/lub warunki wyst&#281;puj&#261;ce w weekend, na pocz&#261;tku tygodnia lub w ci&#261;gu dnia po opublikowaniu znacz&#261;cych danych makroekonomicznych, wiadomo&#347;ci gospodarczych lub politycznych, kt&oacute;re powoduj&#261;, &#380;e rynki walutowe otwarte z poziomami cen, kt&oacute;re mog&#261; znacznie r&oacute;&#380;ni&#263; si&#281; od cen poprzednich.<\/p>\n\n\n\n<p><strong>* OSTRZE&#379;ENIE INWESTYCYJNE WYSOKIEGO RYZYKA *<\/strong><\/p>\n\n\n\n<p>Handel na rynku Forex, kontraktami CFD i kryptowalutami wi&#261;&#380;e si&#281; z ryzykiem utraty inwestycji. Niniejsza Informacja o ostrze&#380;eniu o ryzyku nie mo&#380;e i nie ujawnia wszystkich ryzyk i innych istotnych aspekt&oacute;w handlu opcjami i instrumentami pochodnymi. Nie powiniene&#347; spekulowa&#263; kapita&#322;em, na kt&oacute;rego utrat&#281; nie mo&#380;esz sobie pozwoli&#263;. Zdecydowanie zalecamy zapoznanie si&#281; z <a href=\"https:\/\/bitcointrader.ai\/terms\/\">Warunkami korzystania<\/a> z naszej witryny internetowej oraz <a href=\"https:\/\/bitcointrader.ai\/pl\/privacy-policy\/\">Polityk&#261; prywatno&#347;ci<\/a> przed rozpocz&#281;ciem korzystania z naszych us&#322;ug.<\/p>\n\n\n\n<h2 class=\"gb-headline gb-headline-8e446d6b gb-headline-text\"><strong>Skontaktuj si&#281; z nami<\/strong><\/h2>\n\n\n\n<p>Je&#347;li masz jakiekolwiek pytania dotycz&#261;ce niniejszego zastrze&#380;enia, mo&#380;esz skontaktowa&#263; si&#281; z nami:<\/p>\n\n\n\n<ul class=\"wp-block-list\">\n<li>Na e-mail: info[at] bitcointrader.ai<\/li>\n<\/ul>\n\n\n\n<p>Odwiedzaj&#261;c t&#281; &#8203;&#8203;stron&#281; w naszej witrynie internetowej: <a href=\"https:\/\/bitcointrader.ai\/pl\/contact-us\/\">https:\/\/bitcointrader.ai\/contact-us<\/a><\/p>\n\n<\/div>\n<\/div>\n","protected":false},"excerpt":{"rendered":"<p>Zastrze&#380;enie Ostatnia aktualizacja: 31 maja 2023 r Interpretacja i definicje Interpretacja S&#322;owa, w kt&oacute;rych pierwsza litera jest pisana wielk&#261; liter&#261;, maj&#261; znaczenie okre&#347;lone zgodnie z nast&#281;puj&#261;cymi warunkami. Poni&#380;sze definicje maj&#261; to samo znaczenie niezale&#380;nie od tego, czy wyst&#281;puj&#261; w liczbie pojedynczej, czy w liczbie mnogiej. Definicje Na potrzeby niniejszego Zastrze&#380;enia: Zastrze&#380;enie Informacje zawarte w Serwisie &#8230; <a title=\"Zastrze\u017cenie\" class=\"read-more\" href=\"https:\/\/bitcointrader.ai\/pl\/disclaimer\/\" aria-label=\"Dowiedz si\u0119 wi\u0119cej o Zastrze\u017cenie\">Czytaj dalej<\/a><\/p>\n","protected":false},"author":1,"featured_media":0,"parent":0,"menu_order":0,"comment_status":"closed","ping_status":"closed","template":"","meta":{"footnotes":""},"class_list":["post-3798","page","type-page","status-publish"],"_links":{"self":[{"href":"https:\/\/bitcointrader.ai\/pl\/wp-json\/wp\/v2\/pages\/3798","targetHints":{"allow":["GET"]}}],"collection":[{"href":"https:\/\/bitcointrader.ai\/pl\/wp-json\/wp\/v2\/pages"}],"about":[{"href":"https:\/\/bitcointrader.ai\/pl\/wp-json\/wp\/v2\/types\/page"}],"author":[{"embeddable":true,"href":"https:\/\/bitcointrader.ai\/pl\/wp-json\/wp\/v2\/users\/1"}],"replies":[{"embeddable":true,"href":"https:\/\/bitcointrader.ai\/pl\/wp-json\/wp\/v2\/comments?post=3798"}],"version-history":[{"count":2,"href":"https:\/\/bitcointrader.ai\/pl\/wp-json\/wp\/v2\/pages\/3798\/revisions"}],"predecessor-version":[{"id":17023,"href":"https:\/\/bitcointrader.ai\/pl\/wp-json\/wp\/v2\/pages\/3798\/revisions\/17023"}],"wp:attachment":[{"href":"https:\/\/bitcointrader.ai\/pl\/wp-json\/wp\/v2\/media?parent=3798"}],"curies":[{"name":"wp","href":"https:\/\/api.w.org\/{rel}","templated":true}]}}