{"id":3776,"date":"2023-05-23T06:41:53","date_gmt":"2023-05-23T06:41:53","guid":{"rendered":"https:\/\/bitcointrader.ai\/zrieknutie-sa-zodpovednosti\/"},"modified":"2025-01-05T14:35:07","modified_gmt":"2025-01-05T14:35:07","slug":"disclaimer","status":"publish","type":"page","link":"https:\/\/bitcointrader.ai\/sk\/disclaimer\/","title":{"rendered":"Vyl\u00fa\u010denie zodpovednosti"},"content":{"rendered":"<?xml encoding=\"UTF-8\"><div class=\"gb-container gb-container-f493ca47\">\n<div class=\"gb-container gb-container-74097ace\">\n\n<h1 class=\"gb-headline gb-headline-d325e19c gb-headline-text\">Vyl&uacute;&#269;enie zodpovednosti<\/h1>\n\n<\/div>\n<\/div><div class=\"gb-container gb-container-82ad59e1\">\n<div class=\"gb-container gb-container-1261bd9b\">\n\n<p>Posledn&aacute; aktualiz&aacute;cia: 31. m&aacute;ja 2023<\/p>\n\n\n\n<h2 class=\"gb-headline gb-headline-b173be55 gb-headline-text\"><strong>V&yacute;klad a defin&iacute;cie<\/strong><\/h2>\n\n\n\n<p><strong>V&yacute;klad<\/strong><\/p>\n\n\n\n<p>Slov&aacute;, v ktor&yacute;ch je za&#269;iato&#269;n&eacute; p&iacute;smeno ve&#318;k&eacute;, maj&uacute; v&yacute;znam definovan&yacute; za nasleduj&uacute;cich podmienok. Nasleduj&uacute;ce defin&iacute;cie maj&uacute; rovnak&yacute; v&yacute;znam bez oh&#318;adu na to, &#269;i sa vyskytuj&uacute; v jednotnom alebo mno&#382;nom &#269;&iacute;sle.<\/p>\n\n\n\n<p><strong>Defin&iacute;cie<\/strong><\/p>\n\n\n\n<p>Na &uacute;&#269;ely tohto vyl&uacute;&#269;enia zodpovednosti:<\/p>\n\n\n\n<ul class=\"wp-block-list\">\n<li>Spolo&#269;nos&#357; (v t&yacute;chto Z&aacute;sad&aacute;ch pou&#382;&iacute;vania s&uacute;borov cookie ozna&#269;ovan&aacute; bu&#271; ako &bdquo;Spolo&#269;nos&#357;&ldquo;, &bdquo;My&ldquo;, &bdquo;N&aacute;s&ldquo; alebo &bdquo;Na&scaron;e&ldquo;) ozna&#269;uje KW_00001 .<\/li>\n\n\n\n<li>Znamen&aacute; to Pou&#382;&iacute;vate&#318;a, jednotlivca pristupuj&uacute;ci k Slu&#382;be, pr&iacute;padne spolo&#269;nos&#357; alebo in&uacute; pr&aacute;vnick&uacute; osobu, v mene ktorej tak&aacute;to osoba pristupuje alebo pou&#382;&iacute;va Slu&#382;bu.<\/li>\n\n\n\n<li>Webov&aacute; str&aacute;nka odkazuje na <a href=\"https:\/\/bitcointrader.ai\/sk\/\">https:\/\/bitcointrader.ai<\/a> ( KW_00001 ).<\/li>\n\n\n\n<li>Slu&#382;ba sa vz&#357;ahuje na webov&uacute; str&aacute;nku.<\/li>\n<\/ul>\n\n\n\n<h2 class=\"gb-headline gb-headline-4fe826b5 gb-headline-text\"><strong>Vyl&uacute;&#269;enie zodpovednosti<\/strong><\/h2>\n\n\n\n<p>Inform&aacute;cie obsiahnut&eacute; v Slu&#382;be sl&uacute;&#382;ia len na v&scaron;eobecn&eacute; informa&#269;n&eacute; &uacute;&#269;ely.<\/p>\n\n\n\n<p>Spolo&#269;nos&#357; nenesie &#382;iadnu zodpovednos&#357; za chyby alebo opomenutia v obsahu Slu&#382;by.<\/p>\n\n\n\n<p>Spolo&#269;nos&#357; v &#382;iadnom pr&iacute;pade nezodpoved&aacute; za &#382;iadne &scaron;peci&aacute;lne, priame, nepriame, n&aacute;sledn&eacute; alebo n&aacute;hodn&eacute; &scaron;kody alebo ak&eacute;ko&#318;vek &scaron;kody, &#269;i u&#382; v d&ocirc;sledku zmluvy, nedbanlivosti alebo in&yacute;ch deliktov, vypl&yacute;vaj&uacute;ce z alebo v s&uacute;vislosti s pou&#382;&iacute;van&iacute;m Slu&#382;by. alebo obsahu Slu&#382;by. Spolo&#269;nos&#357; si vyhradzuje pr&aacute;vo kedyko&#318;vek prida&#357;, vymaza&#357; alebo upravi&#357; obsah slu&#382;by bez predch&aacute;dzaj&uacute;ceho upozornenia.  <\/p>\n\n\n\n<p>Spolo&#269;nos&#357; nezaru&#269;uje, &#382;e slu&#382;ba neobsahuje v&iacute;rusy alebo in&eacute; &scaron;kodliv&eacute; komponenty.<\/p>\n\n\n\n<p><strong>Extern&eacute; odkazy Vyl&uacute;&#269;enie zodpovednosti<\/strong><\/p>\n\n\n\n<p>Slu&#382;ba m&ocirc;&#382;e obsahova&#357; odkazy na extern&eacute; webov&eacute; str&aacute;nky, ktor&eacute; nie s&uacute; poskytovan&eacute; ani spravovan&eacute; spolo&#269;nos&#357;ou, ani s &#328;ou nie s&uacute; &#382;iadnym sp&ocirc;sobom spojen&eacute;.<\/p>\n\n\n\n<p>Upozor&#328;ujeme, &#382;e Spolo&#269;nos&#357; nezaru&#269;uje presnos&#357;, relevantnos&#357;, aktu&aacute;lnos&#357; alebo &uacute;plnos&#357; ak&yacute;chko&#318;vek inform&aacute;ci&iacute; na t&yacute;chto extern&yacute;ch webov&yacute;ch str&aacute;nkach.<\/p>\n\n\n\n<p><strong>Vyhl&aacute;senie o chyb&aacute;ch a opomenutiach<\/strong><\/p>\n\n\n\n<p>Inform&aacute;cie poskytovan&eacute; slu&#382;bou sl&uacute;&#382;ia len na v&scaron;eobecn&eacute; usmernenie v ot&aacute;zkach z&aacute;ujmu. Aj ke&#271; Spolo&#269;nos&#357; prijme v&scaron;etky opatrenia, aby zabezpe&#269;ila aktu&aacute;lnos&#357; a presnos&#357; obsahu Slu&#382;by, m&ocirc;&#382;u sa vyskytn&uacute;&#357; chyby. Navy&scaron;e, vzh&#318;adom na meniaci sa charakter z&aacute;konov, pravidiel a predpisov, m&ocirc;&#382;e d&ocirc;js&#357; k oneskoreniam, vynechaniu alebo nepresnostiam v inform&aacute;ci&aacute;ch obsiahnut&yacute;ch v Slu&#382;be.<\/p>\n\n\n\n<p>Spolo&#269;nos&#357; nezodpoved&aacute; za &#382;iadne chyby alebo opomenutia, ani za v&yacute;sledky z&iacute;skan&eacute; pou&#382;it&iacute;m t&yacute;chto inform&aacute;ci&iacute;.<\/p>\n\n\n\n<p><strong>Vyhl&aacute;senie o &#269;estnom pou&#382;it&iacute;<\/strong><\/p>\n\n\n\n<p>Spolo&#269;nos&#357; m&ocirc;&#382;e pou&#382;i&#357; materi&aacute;l chr&aacute;nen&yacute; autorsk&yacute;mi pr&aacute;vami, ktor&yacute; nie je v&#382;dy v&yacute;slovne povolen&yacute; vlastn&iacute;kom autorsk&yacute;ch pr&aacute;v. Spolo&#269;nos&#357; spr&iacute;stup&#328;uje tak&yacute;to materi&aacute;l na kritiku, koment&aacute;re, spravodajstvo, vyu&#269;ovanie, &scaron;tipendium alebo v&yacute;skum.<\/p>\n\n\n\n<p>Spolo&#269;nos&#357; je presved&#269;en&aacute;, &#382;e to predstavuje &bdquo;&#269;estn&eacute; pou&#382;itie&ldquo; ak&eacute;hoko&#318;vek tak&eacute;hoto materi&aacute;lu chr&aacute;nen&eacute;ho autorsk&yacute;mi pr&aacute;vami, ako je uveden&eacute; v &#269;asti 107 z&aacute;kona o autorsk&yacute;ch pr&aacute;vach Spojen&yacute;ch &scaron;t&aacute;tov americk&yacute;ch.<\/p>\n\n\n\n<p>Ak chcete pou&#382;i&#357; materi&aacute;l chr&aacute;nen&yacute; autorsk&yacute;mi pr&aacute;vami zo Slu&#382;by na svoje vlastn&eacute; &uacute;&#269;ely, ktor&eacute; presahuj&uacute; r&aacute;mec fair use, mus&iacute;te z&iacute;ska&#357; povolenie od vlastn&iacute;ka autorsk&yacute;ch pr&aacute;v.<\/p>\n\n\n\n<p><strong>Views Expressed Disclaimer<\/strong><\/p>\n\n\n\n<p>Slu&#382;ba m&ocirc;&#382;e obsahova&#357; n&aacute;zory a n&aacute;zory autorov a nemusia nevyhnutne odr&aacute;&#382;a&#357; ofici&aacute;lnu politiku alebo stanovisko ak&eacute;hoko&#318;vek in&eacute;ho autora, agent&uacute;ry, organiz&aacute;cie, zamestn&aacute;vate&#318;a alebo spolo&#269;nosti vr&aacute;tane Spolo&#269;nosti.<\/p>\n\n\n\n<p>Koment&aacute;re zverejnen&eacute; pou&#382;&iacute;vate&#318;mi s&uacute; ich v&yacute;hradnou zodpovednos&#357;ou a pou&#382;&iacute;vatelia prevezm&uacute; pln&uacute; zodpovednos&#357;, zodpovednos&#357; a vinu za ak&eacute;ko&#318;vek ur&aacute;&#382;anie na cti alebo s&uacute;dne spory, ktor&eacute; vypl&yacute;vaj&uacute; z nie&#269;oho nap&iacute;san&eacute;ho alebo ako priamy d&ocirc;sledok nie&#269;oho nap&iacute;san&eacute;ho v koment&aacute;ri. Spolo&#269;nos&#357; nezodpoved&aacute; za &#382;iadne koment&aacute;re zverejnen&eacute; u&#382;&iacute;vate&#318;mi a vyhradzuje si pr&aacute;vo z ak&eacute;hoko&#318;vek d&ocirc;vodu ak&yacute;ko&#318;vek koment&aacute;r vymaza&#357;.<\/p>\n\n\n\n<p><strong>&#381;iadne odmietnutie zodpovednosti<\/strong><\/p>\n\n\n\n<p>Inform&aacute;cie o Slu&#382;be s&uacute; poskytovan&eacute; s vedom&iacute;m, &#382;e Spolo&#269;nos&#357; sa tu nezaober&aacute; poskytovan&iacute;m pr&aacute;vnych, &uacute;&#269;tovn&yacute;ch, da&#328;ov&yacute;ch alebo in&yacute;ch odborn&yacute;ch r&aacute;d a slu&#382;ieb. Ako tak&yacute; by sa nemal pou&#382;&iacute;va&#357; ako n&aacute;hrada za konzult&aacute;cie s profesion&aacute;lnymi &uacute;&#269;tovn&yacute;mi, da&#328;ov&yacute;mi, pr&aacute;vnymi alebo in&yacute;mi kompetentn&yacute;mi poradcami.<\/p>\n\n\n\n<p>Spolo&#269;nos&#357; ani jej dod&aacute;vatelia nebud&uacute; v &#382;iadnom pr&iacute;pade zodpovedn&iacute; za &#382;iadne &scaron;peci&aacute;lne, n&aacute;hodn&eacute;, nepriame alebo n&aacute;sledn&eacute; &scaron;kody, ktor&eacute; vznikn&uacute; z alebo v s&uacute;vislosti s va&scaron;&iacute;m pr&iacute;stupom alebo pou&#382;&iacute;van&iacute;m alebo nemo&#382;nos&#357;ou pr&iacute;stupu alebo pou&#382;&iacute;vania slu&#382;by.<\/p>\n\n\n\n<p><strong>Vyhl&aacute;senie &bdquo;Pou&#382;&iacute;vanie na vlastn&eacute; riziko&ldquo;.<\/strong><\/p>\n\n\n\n<p>V&scaron;etky inform&aacute;cie v slu&#382;be sa poskytuj&uacute; &bdquo;tak, ako s&uacute;&ldquo;, bez z&aacute;ruky &uacute;plnosti, presnosti, aktu&aacute;lnosti alebo v&yacute;sledkov z&iacute;skan&yacute;ch pou&#382;it&iacute;m t&yacute;chto inform&aacute;ci&iacute; a bez z&aacute;ruky ak&eacute;hoko&#318;vek druhu, v&yacute;slovnej alebo implicitnej, vr&aacute;tane, ale nie v&yacute;lu&#269;ne, z&aacute;ruky v&yacute;konu, predajnosti a vhodnosti na konkr&eacute;tny &uacute;&#269;el.<\/p>\n\n\n\n<p>Spolo&#269;nos&#357; nenesie zodpovednos&#357; vo&#269;i v&aacute;m ani nikomu in&eacute;mu za &#382;iadne rozhodnutie alebo konanie prijat&eacute; na z&aacute;klade inform&aacute;ci&iacute; poskytnut&yacute;ch slu&#382;bou ani za &#382;iadne n&aacute;sledn&eacute;, &scaron;peci&aacute;lne alebo podobn&eacute; &scaron;kody, a to ani v pr&iacute;pade, &#382;e bola upozornen&aacute; na mo&#382;nos&#357; tak&yacute;chto &scaron;k&ocirc;d.<\/p>\n\n\n\n<h2 class=\"gb-headline gb-headline-57280420 gb-headline-text\"><strong>Vyhl&aacute;senie o vysokorizikov&yacute;ch invest&iacute;ci&aacute;ch<\/strong><\/h2>\n\n\n\n<p>&bdquo; KW_00001 &ldquo; (&bdquo; KW_00001 &ldquo;) umo&#382;&#328;uje svojim pou&#382;&iacute;vate&#318;om (&#271;alej len &bdquo;pou&#382;&iacute;vate&#318;&ldquo; alebo &bdquo;pou&#382;&iacute;vatelia&ldquo;) obchodova&#357; s vysoko &scaron;pekulat&iacute;vnymi invest&iacute;ciami, ktor&eacute; zah&#341;&#328;aj&uacute; zna&#269;n&eacute; riziko straty. Tak&eacute;to obchodovanie nie je vhodn&eacute; pre v&scaron;etk&yacute;ch investorov, tak&#382;e Pou&#382;&iacute;vatelia sa musia pred obchodovan&iacute;m uisti&#357;, &#382;e plne rozumej&uacute; rizik&aacute;m. &sbquo; KW_00001 &sbquo; nespravuje ani nepon&uacute;ka &#382;iadne pr&aacute;vne, da&#328;ov&eacute;, &uacute;&#269;tovn&eacute; alebo investi&#269;n&eacute; rady alebo odpor&uacute;&#269;ania t&yacute;kaj&uacute;ce sa vhodnosti, ziskovosti, investi&#269;nej strat&eacute;gie alebo in&yacute;ch z&aacute;le&#382;itost&iacute; tohto druhu.<\/p>\n\n\n\n<p>V&scaron;etci pou&#382;&iacute;vatelia a potenci&aacute;lni pou&#382;&iacute;vatelia by si mali pozorne pre&#269;&iacute;ta&#357; nasleduj&uacute;ce Prehl&aacute;senie o rizik&aacute;ch a upozornenia obsiahnut&eacute; v tomto dokumente predt&yacute;m, ako po&#382;iadaj&uacute; &sbquo; KW_00001 &sbquo; o pou&#382;&iacute;vanie jej softv&eacute;ru a predt&yacute;m, ako za&#269;n&uacute; obchodova&#357; na r&ocirc;znych finan&#269;n&yacute;ch trhoch s pou&#382;it&iacute;m r&ocirc;znych finan&#269;n&yacute;ch n&aacute;strojov. Je v&scaron;ak potrebn&eacute; poznamena&#357;, &#382;e tento dokument nem&ocirc;&#382;e a ani nezverej&#328;uje ani nevysvet&#318;uje v&scaron;etky rizik&aacute; a &#271;al&scaron;ie v&yacute;znamn&eacute; aspekty spojen&eacute; s obchodovan&iacute;m na Forexe, CFD a kryptomen&aacute;ch. Ozn&aacute;menie bolo navrhnut&eacute; tak, aby vo v&scaron;eobecnosti vysvetlilo povahu riz&iacute;k spojen&yacute;ch s obchodovan&iacute;m s Forexom, CFD a kryptomenami spravodliv&yacute;m a nezav&aacute;dzaj&uacute;cim sp&ocirc;sobom.<\/p>\n\n\n\n<p>VZH&#317;ADOM NA VYSOK&Uacute; RIZIKOV&Uacute; POVARU OBCHODOVANIA, &sbquo; KW_00001 &sbquo; V&Yacute;SLOVNE NEPOSKYTUJE &#381;IADNE V&Yacute;SLOVN&Eacute; ANI IMPLICITN&Eacute; Z&Aacute;RUKY ANI ZARU&#268;UJE, &#381;E POU&#381;&Iacute;VATELIA DOSAHUJ&Uacute; AK&Yacute;KO&#317;VEK ZISK ALEBO &#381;E POU&#381;&Iacute;VATELIA NESTRATU &#381;IADNY VKLAD ALEBO INVEST&Iacute;CIU<\/p>\n\n\n\n<p>Obchodovanie s Forexom, CFD a kryptomenami je VE&#317;MI &Scaron;PEKULAT&Iacute;VNE A VYSOK&Eacute; RIZIKO a nie je vhodn&eacute; pre v&scaron;etk&yacute;ch &#269;lenov &scaron;irokej verejnosti, ale iba pre t&yacute;ch investorov, ktor&iacute;:<\/p>\n\n\n\n<p>(a) Ch&aacute;pa&#357; a ste ochotn&iacute; prevzia&#357; ekonomick&eacute;, pr&aacute;vne a in&eacute; s&uacute;visiace rizik&aacute;.<\/p>\n\n\n\n<p>(b) Ber&uacute; do &uacute;vahy ich osobn&eacute; finan&#269;n&eacute; pomery, finan&#269;n&eacute; zdroje, &#382;ivotn&yacute; &scaron;t&yacute;l a z&aacute;v&auml;zky, ktor&eacute; s&uacute; finan&#269;ne schopn&eacute; prevzia&#357; stratu celej svojej invest&iacute;cie.<\/p>\n\n\n\n<p>(c) Ma&#357; znalosti na pochopenie obchodovania Forex, CFD a kryptomien a podkladov&yacute;ch akt&iacute;v a trhov.<\/p>\n\n\n\n<p>&sbquo; KW_00001 &sbquo; nebude poskytova&#357; pou&#382;&iacute;vate&#318;om &#382;iadne rady t&yacute;kaj&uacute;ce sa Forexu, CFD a kryptomien, podkladov&yacute;ch akt&iacute;v a trhov, ani poskytova&#357; investi&#269;n&eacute; odpor&uacute;&#269;ania ak&eacute;hoko&#318;vek druhu. Ak teda Pou&#382;&iacute;vate&#318; nerozumie rizik&aacute;m, ktor&eacute; s t&yacute;m s&uacute;visia, mal by po&#382;iada&#357; o radu a konzult&aacute;ciu nez&aacute;visl&eacute;ho finan&#269;n&eacute;ho poradcu. Ak Pou&#382;&iacute;vate&#318; st&aacute;le nerozumie rizik&aacute;m spojen&yacute;m s obchodovan&iacute;m na Forexe, CFD a kryptomen&aacute;ch, nemal by obchodova&#357; v&ocirc;bec.<\/p>\n\n\n\n<p>Forex, CFD a kryptomeny s&uacute; deriv&aacute;tov&eacute; finan&#269;n&eacute; n&aacute;stroje odvodzuj&uacute;ce svoju hodnotu od cien podkladov&yacute;ch akt&iacute;v\/trhov, na ktor&eacute; sa vz&#357;ahuj&uacute; (napr&iacute;klad: meny, akciov&eacute; indexy, akcie, kovy, indexy futures, forwardy at&#271;.). Je preto d&ocirc;le&#382;it&eacute;, aby Pou&#382;&iacute;vate&#318; rozumel rizik&aacute;m spojen&yacute;m s obchodovan&iacute;m s pr&iacute;slu&scaron;n&yacute;m podkladov&yacute;m akt&iacute;vom\/trhom, preto&#382;e kol&iacute;sanie ceny podkladov&eacute;ho akt&iacute;va\/trhu ovplyvn&iacute; ziskovos&#357; jeho obchodu.<\/p>\n\n\n\n<p><strong>Niektor&eacute; tak&eacute;to rizik&aacute; zah&#341;&#328;aj&uacute;<\/strong><\/p>\n\n\n\n<p>Volatilita &ndash; Pohyby cien podkladov&yacute;ch akt&iacute;v\/trhov m&ocirc;&#382;u by&#357; nest&aacute;le a nepredv&iacute;date&#318;n&eacute;. To bude ma&#357; priamy vplyv na zisky a straty Pou&#382;&iacute;vate&#318;a. Pochopenie volatility podkladov&eacute;ho trhu pom&ocirc;&#382;e pou&#382;&iacute;vate&#318;om usmerni&#357;, ako obchodova&#357; a ko&#318;ko je ochotn&yacute; strati&#357;.<\/p>\n\n\n\n<p>V&yacute;kyvy trhu &ndash; V&yacute;kyvy s&uacute; n&aacute;hly posun ceny podkladov&eacute;ho akt&iacute;va z jednej &uacute;rovne na druh&uacute;. R&ocirc;zne faktory m&ocirc;&#382;u vies&#357; k gappingu (napr&iacute;klad ekonomick&eacute; udalosti alebo trhov&eacute; ozn&aacute;menia) a gapping m&ocirc;&#382;e nasta&#357;, ke&#271; je podkladov&yacute; trh otvoren&yacute;, aj ke&#271; je zatvoren&yacute;. Ke&#271; sa tieto faktory vyskytn&uacute;, ke&#271; je podkladov&yacute; trh zatvoren&yacute;, cena podkladov&eacute;ho trhu pri jeho op&auml;tovnom otvoren&iacute; (a teda aj na&scaron;a odvoden&aacute; cena) sa m&ocirc;&#382;e v&yacute;razne l&iacute;&scaron;i&#357; od uzatv&aacute;racej ceny, bez mo&#382;nosti uzavrie&#357; v&aacute;&scaron; obchod medzi t&yacute;m. &bdquo;Gapping&ldquo; m&ocirc;&#382;e vies&#357; k v&yacute;znamnej strate (alebo zisku).<\/p>\n\n\n\n<p>Trhov&aacute; likvidita &ndash; Ceny Forexu, CFD a kryptomien bud&uacute; okrem in&eacute;ho ovplyvnen&eacute; meniacimi sa vz&#357;ahmi ponuky a dopytu, vl&aacute;dnymi, po&#318;nohospod&aacute;rskymi, obchodn&yacute;mi a obchodn&yacute;mi programami a politikami, n&aacute;rodn&yacute;mi a medzin&aacute;rodn&yacute;mi politick&yacute;mi a ekonomick&yacute;mi udalos&#357;ami a prevl&aacute;daj&uacute;cimi psychologick&yacute;mi charakteristikami. relevantn&eacute;ho trhu a niektor&eacute; podkladov&eacute; akt&iacute;va Forexu, CFD a kryptomien sa nemusia sta&#357; okam&#382;ite likvidn&yacute;mi v d&ocirc;sledku zn&iacute;&#382;en&eacute;ho dopytu po podkladovom akt&iacute;ve. Trhov&eacute; podmienky sa teda m&ocirc;&#382;u v&yacute;razne zmeni&#357; vo ve&#318;mi kr&aacute;tkom &#269;asovom obdob&iacute;, a preto za ur&#269;it&yacute;ch trhov&yacute;ch podmienok m&ocirc;&#382;e by&#357; nemo&#382;n&eacute; vykona&#357; pokyn Pou&#382;&iacute;vate&#318;a, &#269;o vedie k strat&aacute;m.<\/p>\n\n\n\n<p>Rozumie sa, &#382;e pokia&#318; ide o obchodovanie s menami, m&ocirc;&#382;u nasta&#357; situ&aacute;cie, pohyby a\/alebo podmienky, ktor&eacute; nastan&uacute; cez v&iacute;kend, na za&#269;iatku t&yacute;&#382;d&#328;a alebo v r&aacute;mci d&#328;a po zverejnen&iacute; v&yacute;znamn&yacute;ch makroekonomick&yacute;ch &uacute;dajov, ekonomick&yacute;ch alebo politick&yacute;ch spr&aacute;v, ktor&eacute; menia menov&eacute; trhy otvoren&eacute; s cenov&yacute;mi hladinami, ktor&eacute; sa m&ocirc;&#382;u podstatne l&iacute;&scaron;i&#357; od predch&aacute;dzaj&uacute;cich cien.<\/p>\n\n\n\n<p><strong>* UPOZORNENIE NA VYSOK&Eacute; RIZIKO INVEST&Iacute;CIE *<\/strong><\/p>\n\n\n\n<p>Obchodovanie s Forexom, CFD a kryptomenami zah&#341;&#328;a riziko straty va&scaron;ej invest&iacute;cie. Toto upozornenie na riziko nem&ocirc;&#382;e a ani neuv&aacute;dza v&scaron;etky rizik&aacute; a in&eacute; v&yacute;znamn&eacute; aspekty obchodovania s opciami a deriv&aacute;tmi. Nemali by ste &scaron;pekulova&#357; s kapit&aacute;lom, ktor&yacute; si nem&ocirc;&#382;ete dovoli&#357; strati&#357;. D&ocirc;razne v&aacute;m odpor&uacute;&#269;ame, aby ste si pred za&#269;at&iacute;m pou&#382;&iacute;vania na&scaron;ej slu&#382;by pre&#269;&iacute;tali <a href=\"https:\/\/bitcointrader.ai\/terms\/\">zmluvn&eacute; podmienky<\/a> a <a href=\"https:\/\/bitcointrader.ai\/sk\/privacy-policy\/\">z&aacute;sady ochrany osobn&yacute;ch &uacute;dajov<\/a> na&scaron;ej webovej lokality.<\/p>\n\n\n\n<h2 class=\"gb-headline gb-headline-8e446d6b gb-headline-text\"><strong>Kontaktuj n&aacute;s<\/strong><\/h2>\n\n\n\n<p>Ak m&aacute;te ak&eacute;ko&#318;vek ot&aacute;zky t&yacute;kaj&uacute;ce sa tohto Vyl&uacute;&#269;enia zodpovednosti, m&ocirc;&#382;ete n&aacute;s kontaktova&#357;:<\/p>\n\n\n\n<ul class=\"wp-block-list\">\n<li>E-mailom: info[at] bitcointrader.ai<\/li>\n<\/ul>\n\n\n\n<p>Nav&scaron;t&iacute;ven&iacute;m tejto str&aacute;nky na na&scaron;om webe: <a href=\"https:\/\/bitcointrader.ai\/sk\/contact-us\/\">https:\/\/bitcointrader.ai\/contact-us<\/a><\/p>\n\n<\/div>\n<\/div>\n","protected":false},"excerpt":{"rendered":"<p>Vyl&uacute;&#269;enie zodpovednosti Posledn&aacute; aktualiz&aacute;cia: 31. m&aacute;ja 2023 V&yacute;klad a defin&iacute;cie V&yacute;klad Slov&aacute;, v ktor&yacute;ch je za&#269;iato&#269;n&eacute; p&iacute;smeno ve&#318;k&eacute;, maj&uacute; v&yacute;znam definovan&yacute; za nasleduj&uacute;cich podmienok. Nasleduj&uacute;ce defin&iacute;cie maj&uacute; rovnak&yacute; v&yacute;znam bez oh&#318;adu na to, &#269;i sa vyskytuj&uacute; v jednotnom alebo mno&#382;nom &#269;&iacute;sle. Defin&iacute;cie Na &uacute;&#269;ely tohto vyl&uacute;&#269;enia zodpovednosti: Vyl&uacute;&#269;enie zodpovednosti Inform&aacute;cie obsiahnut&eacute; v Slu&#382;be sl&uacute;&#382;ia len &#8230; <a title=\"Vyl\u00fa\u010denie zodpovednosti\" class=\"read-more\" href=\"https:\/\/bitcointrader.ai\/sk\/disclaimer\/\" aria-label=\"Pre\u010d\u00edtajte si viac o Vyl\u00fa\u010denie zodpovednosti\">Read more<\/a><\/p>\n","protected":false},"author":1,"featured_media":0,"parent":0,"menu_order":0,"comment_status":"closed","ping_status":"closed","template":"","meta":{"footnotes":""},"class_list":["post-3776","page","type-page","status-publish"],"_links":{"self":[{"href":"https:\/\/bitcointrader.ai\/sk\/wp-json\/wp\/v2\/pages\/3776","targetHints":{"allow":["GET"]}}],"collection":[{"href":"https:\/\/bitcointrader.ai\/sk\/wp-json\/wp\/v2\/pages"}],"about":[{"href":"https:\/\/bitcointrader.ai\/sk\/wp-json\/wp\/v2\/types\/page"}],"author":[{"embeddable":true,"href":"https:\/\/bitcointrader.ai\/sk\/wp-json\/wp\/v2\/users\/1"}],"replies":[{"embeddable":true,"href":"https:\/\/bitcointrader.ai\/sk\/wp-json\/wp\/v2\/comments?post=3776"}],"version-history":[{"count":2,"href":"https:\/\/bitcointrader.ai\/sk\/wp-json\/wp\/v2\/pages\/3776\/revisions"}],"predecessor-version":[{"id":17031,"href":"https:\/\/bitcointrader.ai\/sk\/wp-json\/wp\/v2\/pages\/3776\/revisions\/17031"}],"wp:attachment":[{"href":"https:\/\/bitcointrader.ai\/sk\/wp-json\/wp\/v2\/media?parent=3776"}],"curies":[{"name":"wp","href":"https:\/\/api.w.org\/{rel}","templated":true}]}}